{"id":74732,"date":"2022-02-08T10:05:18","date_gmt":"2022-02-08T09:05:18","guid":{"rendered":"http:\/\/k-designfashion.com\/conditions-de-retour\/"},"modified":"2023-04-04T01:17:47","modified_gmt":"2023-04-03T23:17:47","slug":"conditions-de-retour","status":"publish","type":"page","link":"https:\/\/k-designfashion.com\/fr\/juridisch\/conditions-de-retour\/","title":{"rendered":"Conditions de retour"},"content":{"rendered":"\t\t<div data-elementor-type=\"wp-page\" data-elementor-id=\"74732\" class=\"elementor elementor-74732 elementor-14\" data-elementor-post-type=\"page\">\n\t\t\t\t\t\t<section class=\"elementor-section elementor-top-section elementor-element elementor-element-382dfd6 elementor-section-boxed elementor-section-height-default elementor-section-height-default\" data-id=\"382dfd6\" data-element_type=\"section\" data-e-type=\"section\" data-settings=\"{&quot;jet_parallax_layout_list&quot;:[],&quot;background_background&quot;:&quot;classic&quot;}\">\n\t\t\t\t\t\t<div class=\"elementor-container elementor-column-gap-default\">\n\t\t\t\t\t<div class=\"elementor-column elementor-col-100 elementor-top-column elementor-element elementor-element-9b274c3\" data-id=\"9b274c3\" data-element_type=\"column\" data-e-type=\"column\">\n\t\t\t<div class=\"elementor-widget-wrap elementor-element-populated\">\n\t\t\t\t\t\t<div class=\"elementor-element elementor-element-611d660 elementor-widget elementor-widget-heading\" data-id=\"611d660\" data-element_type=\"widget\" data-e-type=\"widget\" data-widget_type=\"heading.default\">\n\t\t\t\t<div class=\"elementor-widget-container\">\n\t\t\t\t\t<h1 class=\"elementor-heading-title elementor-size-default\">Conditions de retour<\/h1>\t\t\t\t<\/div>\n\t\t\t\t<\/div>\n\t\t\t\t\t<\/div>\n\t\t<\/div>\n\t\t\t\t\t<\/div>\n\t\t<\/section>\n\t\t\t\t<section class=\"elementor-section elementor-top-section elementor-element elementor-element-3aaeab7 elementor-section-boxed elementor-section-height-default elementor-section-height-default\" data-id=\"3aaeab7\" data-element_type=\"section\" data-e-type=\"section\" data-settings=\"{&quot;jet_parallax_layout_list&quot;:[]}\">\n\t\t\t\t\t\t<div class=\"elementor-container elementor-column-gap-default\">\n\t\t\t\t\t<div class=\"elementor-column elementor-col-100 elementor-top-column elementor-element elementor-element-4de7f92\" data-id=\"4de7f92\" data-element_type=\"column\" data-e-type=\"column\">\n\t\t\t<div class=\"elementor-widget-wrap elementor-element-populated\">\n\t\t\t\t\t\t<div class=\"elementor-element elementor-element-c224427 elementor-widget elementor-widget-text-editor\" data-id=\"c224427\" data-element_type=\"widget\" data-e-type=\"widget\" data-widget_type=\"text-editor.default\">\n\t\t\t\t<div class=\"elementor-widget-container\">\n\t\t\t\t\t\t\t\t\t<p>Vous avez jusqu\u2019\u00e0 14 jours apr\u00e8s la r\u00e9ception de votre colis pour enregistrer votre retour via le site web. <br \/>Nous reprenons uniquement les articles de cette mani\u00e8re.<\/p>\n<p>Veuillez vous assurer que tous les articles ont encore les \u00e9tiquettes d\u2019origine et qu\u2019ils n\u2019ont pas \u00e9t\u00e9 port\u00e9s ni endommag\u00e9s. Nous appr\u00e9cierions recevoir les articles en retour de la m\u00eame mani\u00e8re que vous les avez re\u00e7us.<\/p>\n<p>Vous pouvez enregistrer un retour via votre compte client sur notre site web. Sous l\u2019onglet \u00ab Retour \u00bb, vous indiquez quel article de vos commandes vous souhaitez retourner. Vous indiquez la raison du retour. Suivez ensuite les \u00e9tapes pour vous procurer votre \u00e9tiquette d\u2019exp\u00e9dition. Remettez l\u2019article retourn\u00e9 dans son emballage d\u2019origine, ajoutez l\u2019\u00e9tiquette d\u2019exp\u00e9dition et apportez-le \u00e0 un point poste.<\/p>\n<p>La responsabilit\u00e9 du retour vous incombe jusqu\u2019\u00e0 ce que le colis nous parvienne. N\u2019oubliez donc pas de demander une preuve d\u2019envoi lorsque vous envoyez le colis.<\/p>\n<p>Le colis doit \u00eatre retourn\u00e9 dans son emballage d\u2019origine, avec les \u00e9tiquettes d\u2019origine, et les articles doivent \u00eatre intacts et ne pr\u00e9senter aucun signe d\u2019utilisation.<\/p>\n<p>Lorsque le colis et les articles retourn\u00e9s ont \u00e9t\u00e9 re\u00e7us et trait\u00e9s en bonne et due forme, vous recevez une confirmation par e-mail. Nous nous effor\u00e7ons de proc\u00e9der au remboursement dans les 7 jours ouvrables suivant le traitement du retour. Les remboursements seront en tout cas effectu\u00e9s dans le d\u00e9lai l\u00e9gal de 14 jours.<\/p>\n<p>Nous ne pouvons pas reprendre les marchandises si nous soup\u00e7onnons que les articles ont \u00e9t\u00e9 port\u00e9s plus souvent que pour un essayage.<\/p>\n<p>L\u2019\u00e9change d\u2019un article n\u2019est pas possible, vous devez \u00e0 nouveau commander en ligne la taille souhait\u00e9e sur le site web.<\/p>\n<p>Vous avez re\u00e7u un produit endommag\u00e9 ou vous souhaitez formuler une plainte concernant un produit ? Ces articles ne peuvent pas \u00eatre envoy\u00e9s dans un colis de retour ordinaire, mais doivent \u00eatre signal\u00e9s au service client\u00e8le via customerservice@k-designfashion.com. D\u00e9crivez la plainte aussi clairement que possible et indiquez le num\u00e9ro de commande, le num\u00e9ro d\u2019article et joignez une photo \u00e0 la plainte.<\/p>\n\t\t\t\t\t\t\t\t<\/div>\n\t\t\t\t<\/div>\n\t\t\t\t\t<\/div>\n\t\t<\/div>\n\t\t\t\t\t<\/div>\n\t\t<\/section>\n\t\t\t\t<\/div>\n\t\t","protected":false},"excerpt":{"rendered":"<p>Conditions de retour Vous avez jusqu\u2019\u00e0 14 jours apr\u00e8s la r\u00e9ception de votre colis pour enregistrer votre retour via le site web. Nous reprenons uniquement les articles de cette mani\u00e8re. Veuillez vous assurer que tous les articles ont encore les \u00e9tiquettes d\u2019origine et qu\u2019ils n\u2019ont pas \u00e9t\u00e9 port\u00e9s ni endommag\u00e9s. Nous appr\u00e9cierions recevoir les articles [&hellip;]<\/p>\n","protected":false},"author":4,"featured_media":0,"parent":74737,"menu_order":999,"comment_status":"closed","ping_status":"closed","template":"elementor_header_footer","meta":{"_acf_changed":false,"footnotes":""},"class_list":["post-74732","page","type-page","status-publish","hentry"],"acf":[],"yoast_head":"<!-- This site is optimized with the Yoast SEO plugin v27.2 - https:\/\/yoast.com\/product\/yoast-seo-wordpress\/ -->\n<title>Conditions de retour - K-Design<\/title>\n<meta name=\"robots\" content=\"index, follow, max-snippet:-1, max-image-preview:large, max-video-preview:-1\" \/>\n<link rel=\"canonical\" href=\"https:\/\/k-designfashion.com\/fr\/juridisch\/conditions-de-retour\/\" \/>\n<meta property=\"og:locale\" content=\"fr_FR\" \/>\n<meta property=\"og:type\" content=\"article\" \/>\n<meta property=\"og:title\" content=\"Conditions de retour - K-Design\" \/>\n<meta property=\"og:description\" content=\"Conditions de retour Vous avez jusqu\u2019\u00e0 14 jours apr\u00e8s la r\u00e9ception de votre colis pour enregistrer votre retour via le site web. Nous reprenons uniquement les articles de cette mani\u00e8re. Veuillez vous assurer que tous les articles ont encore les \u00e9tiquettes d\u2019origine et qu\u2019ils n\u2019ont pas \u00e9t\u00e9 port\u00e9s ni endommag\u00e9s. Nous appr\u00e9cierions recevoir les articles [&hellip;]\" \/>\n<meta property=\"og:url\" content=\"https:\/\/k-designfashion.com\/fr\/juridisch\/conditions-de-retour\/\" \/>\n<meta property=\"og:site_name\" content=\"K-Design\" \/>\n<meta property=\"article:publisher\" content=\"https:\/\/www.facebook.com\/kdesignfashioncom\/\" \/>\n<meta property=\"article:modified_time\" content=\"2023-04-03T23:17:47+00:00\" \/>\n<meta name=\"twitter:card\" content=\"summary_large_image\" \/>\n<meta name=\"twitter:label1\" content=\"Dur\u00e9e de lecture estim\u00e9e\" \/>\n\t<meta name=\"twitter:data1\" content=\"2 minutes\" \/>\n<script type=\"application\/ld+json\" class=\"yoast-schema-graph\">{\"@context\":\"https:\/\/schema.org\",\"@graph\":[{\"@type\":\"WebPage\",\"@id\":\"https:\/\/k-designfashion.com\/fr\/juridisch\/conditions-de-retour\/\",\"url\":\"https:\/\/k-designfashion.com\/fr\/juridisch\/conditions-de-retour\/\",\"name\":\"Conditions de retour - K-Design\",\"isPartOf\":{\"@id\":\"https:\/\/k-designfashion.com\/#website\"},\"datePublished\":\"2022-02-08T09:05:18+00:00\",\"dateModified\":\"2023-04-03T23:17:47+00:00\",\"breadcrumb\":{\"@id\":\"https:\/\/k-designfashion.com\/fr\/juridisch\/conditions-de-retour\/#breadcrumb\"},\"inLanguage\":\"fr-FR\",\"potentialAction\":[{\"@type\":\"ReadAction\",\"target\":[\"https:\/\/k-designfashion.com\/fr\/juridisch\/conditions-de-retour\/\"]}]},{\"@type\":\"BreadcrumbList\",\"@id\":\"https:\/\/k-designfashion.com\/fr\/juridisch\/conditions-de-retour\/#breadcrumb\",\"itemListElement\":[{\"@type\":\"ListItem\",\"position\":1,\"name\":\"Home\",\"item\":\"https:\/\/k-designfashion.com\/fr\/\"},{\"@type\":\"ListItem\",\"position\":2,\"name\":\"Juridisch\",\"item\":\"https:\/\/k-designfashion.com\/fr\/juridisch\/\"},{\"@type\":\"ListItem\",\"position\":3,\"name\":\"Conditions de retour\"}]},{\"@type\":\"WebSite\",\"@id\":\"https:\/\/k-designfashion.com\/#website\",\"url\":\"https:\/\/k-designfashion.com\/\",\"name\":\"K-Design\",\"description\":\"\",\"publisher\":{\"@id\":\"https:\/\/k-designfashion.com\/#organization\"},\"potentialAction\":[{\"@type\":\"SearchAction\",\"target\":{\"@type\":\"EntryPoint\",\"urlTemplate\":\"https:\/\/k-designfashion.com\/?s={search_term_string}\"},\"query-input\":{\"@type\":\"PropertyValueSpecification\",\"valueRequired\":true,\"valueName\":\"search_term_string\"}}],\"inLanguage\":\"fr-FR\"},{\"@type\":\"Organization\",\"@id\":\"https:\/\/k-designfashion.com\/#organization\",\"name\":\"K-Design\",\"url\":\"https:\/\/k-designfashion.com\/\",\"logo\":{\"@type\":\"ImageObject\",\"inLanguage\":\"fr-FR\",\"@id\":\"https:\/\/k-designfashion.com\/#\/schema\/logo\/image\/\",\"url\":\"https:\/\/k-designfashion.com\/wp-content\/uploads\/2022\/02\/k-Design_logo.png\",\"contentUrl\":\"https:\/\/k-designfashion.com\/wp-content\/uploads\/2022\/02\/k-Design_logo.png\",\"width\":556,\"height\":394,\"caption\":\"K-Design\"},\"image\":{\"@id\":\"https:\/\/k-designfashion.com\/#\/schema\/logo\/image\/\"},\"sameAs\":[\"https:\/\/www.facebook.com\/kdesignfashioncom\/\",\"https:\/\/www.instagram.com\/kdesignfashion\/\"]}]}<\/script>\n<!-- \/ Yoast SEO plugin. -->","yoast_head_json":{"title":"Conditions de retour - K-Design","robots":{"index":"index","follow":"follow","max-snippet":"max-snippet:-1","max-image-preview":"max-image-preview:large","max-video-preview":"max-video-preview:-1"},"canonical":"https:\/\/k-designfashion.com\/fr\/juridisch\/conditions-de-retour\/","og_locale":"fr_FR","og_type":"article","og_title":"Conditions de retour - K-Design","og_description":"Conditions de retour Vous avez jusqu\u2019\u00e0 14 jours apr\u00e8s la r\u00e9ception de votre colis pour enregistrer votre retour via le site web. Nous reprenons uniquement les articles de cette mani\u00e8re. Veuillez vous assurer que tous les articles ont encore les \u00e9tiquettes d\u2019origine et qu\u2019ils n\u2019ont pas \u00e9t\u00e9 port\u00e9s ni endommag\u00e9s. Nous appr\u00e9cierions recevoir les articles [&hellip;]","og_url":"https:\/\/k-designfashion.com\/fr\/juridisch\/conditions-de-retour\/","og_site_name":"K-Design","article_publisher":"https:\/\/www.facebook.com\/kdesignfashioncom\/","article_modified_time":"2023-04-03T23:17:47+00:00","twitter_card":"summary_large_image","twitter_misc":{"Dur\u00e9e de lecture estim\u00e9e":"2 minutes"},"schema":{"@context":"https:\/\/schema.org","@graph":[{"@type":"WebPage","@id":"https:\/\/k-designfashion.com\/fr\/juridisch\/conditions-de-retour\/","url":"https:\/\/k-designfashion.com\/fr\/juridisch\/conditions-de-retour\/","name":"Conditions de retour - K-Design","isPartOf":{"@id":"https:\/\/k-designfashion.com\/#website"},"datePublished":"2022-02-08T09:05:18+00:00","dateModified":"2023-04-03T23:17:47+00:00","breadcrumb":{"@id":"https:\/\/k-designfashion.com\/fr\/juridisch\/conditions-de-retour\/#breadcrumb"},"inLanguage":"fr-FR","potentialAction":[{"@type":"ReadAction","target":["https:\/\/k-designfashion.com\/fr\/juridisch\/conditions-de-retour\/"]}]},{"@type":"BreadcrumbList","@id":"https:\/\/k-designfashion.com\/fr\/juridisch\/conditions-de-retour\/#breadcrumb","itemListElement":[{"@type":"ListItem","position":1,"name":"Home","item":"https:\/\/k-designfashion.com\/fr\/"},{"@type":"ListItem","position":2,"name":"Juridisch","item":"https:\/\/k-designfashion.com\/fr\/juridisch\/"},{"@type":"ListItem","position":3,"name":"Conditions de retour"}]},{"@type":"WebSite","@id":"https:\/\/k-designfashion.com\/#website","url":"https:\/\/k-designfashion.com\/","name":"K-Design","description":"","publisher":{"@id":"https:\/\/k-designfashion.com\/#organization"},"potentialAction":[{"@type":"SearchAction","target":{"@type":"EntryPoint","urlTemplate":"https:\/\/k-designfashion.com\/?s={search_term_string}"},"query-input":{"@type":"PropertyValueSpecification","valueRequired":true,"valueName":"search_term_string"}}],"inLanguage":"fr-FR"},{"@type":"Organization","@id":"https:\/\/k-designfashion.com\/#organization","name":"K-Design","url":"https:\/\/k-designfashion.com\/","logo":{"@type":"ImageObject","inLanguage":"fr-FR","@id":"https:\/\/k-designfashion.com\/#\/schema\/logo\/image\/","url":"https:\/\/k-designfashion.com\/wp-content\/uploads\/2022\/02\/k-Design_logo.png","contentUrl":"https:\/\/k-designfashion.com\/wp-content\/uploads\/2022\/02\/k-Design_logo.png","width":556,"height":394,"caption":"K-Design"},"image":{"@id":"https:\/\/k-designfashion.com\/#\/schema\/logo\/image\/"},"sameAs":["https:\/\/www.facebook.com\/kdesignfashioncom\/","https:\/\/www.instagram.com\/kdesignfashion\/"]}]}},"_links":{"self":[{"href":"https:\/\/k-designfashion.com\/fr\/wp-json\/wp\/v2\/pages\/74732","targetHints":{"allow":["GET"]}}],"collection":[{"href":"https:\/\/k-designfashion.com\/fr\/wp-json\/wp\/v2\/pages"}],"about":[{"href":"https:\/\/k-designfashion.com\/fr\/wp-json\/wp\/v2\/types\/page"}],"author":[{"embeddable":true,"href":"https:\/\/k-designfashion.com\/fr\/wp-json\/wp\/v2\/users\/4"}],"replies":[{"embeddable":true,"href":"https:\/\/k-designfashion.com\/fr\/wp-json\/wp\/v2\/comments?post=74732"}],"version-history":[{"count":0,"href":"https:\/\/k-designfashion.com\/fr\/wp-json\/wp\/v2\/pages\/74732\/revisions"}],"up":[{"embeddable":true,"href":"https:\/\/k-designfashion.com\/fr\/wp-json\/wp\/v2\/pages\/74737"}],"wp:attachment":[{"href":"https:\/\/k-designfashion.com\/fr\/wp-json\/wp\/v2\/media?parent=74732"}],"curies":[{"name":"wp","href":"https:\/\/api.w.org\/{rel}","templated":true}]}}