{"id":75055,"date":"2023-02-10T00:48:22","date_gmt":"2023-02-09T23:48:22","guid":{"rendered":"http:\/\/k-designfashion.com\/juridisch\/disclaimer\/"},"modified":"2023-04-04T08:54:52","modified_gmt":"2023-04-04T06:54:52","slug":"disclaimer","status":"publish","type":"page","link":"https:\/\/k-designfashion.com\/fr\/juridisch\/disclaimer\/","title":{"rendered":"Disclaimer"},"content":{"rendered":"\t\t<div data-elementor-type=\"wp-page\" data-elementor-id=\"75055\" class=\"elementor elementor-75055 elementor-38648\" data-elementor-post-type=\"page\">\n\t\t\t\t\t\t<section class=\"elementor-section elementor-top-section elementor-element elementor-element-5df5953 elementor-section-boxed elementor-section-height-default elementor-section-height-default\" data-id=\"5df5953\" data-element_type=\"section\" data-e-type=\"section\" data-settings=\"{&quot;jet_parallax_layout_list&quot;:[],&quot;background_background&quot;:&quot;classic&quot;}\">\n\t\t\t\t\t\t<div class=\"elementor-container elementor-column-gap-default\">\n\t\t\t\t\t<div class=\"elementor-column elementor-col-100 elementor-top-column elementor-element elementor-element-46f0588\" data-id=\"46f0588\" data-element_type=\"column\" data-e-type=\"column\">\n\t\t\t<div class=\"elementor-widget-wrap elementor-element-populated\">\n\t\t\t\t\t\t<div class=\"elementor-element elementor-element-24c5e5a elementor-widget elementor-widget-heading\" data-id=\"24c5e5a\" data-element_type=\"widget\" data-e-type=\"widget\" data-widget_type=\"heading.default\">\n\t\t\t\t<div class=\"elementor-widget-container\">\n\t\t\t\t\t<h1 class=\"elementor-heading-title elementor-size-default\">Clause de non-responsabilit\u00e9 de K-Design Fashion<\/h1>\t\t\t\t<\/div>\n\t\t\t\t<\/div>\n\t\t\t\t\t<\/div>\n\t\t<\/div>\n\t\t\t\t\t<\/div>\n\t\t<\/section>\n\t\t\t\t<section class=\"elementor-section elementor-top-section elementor-element elementor-element-357ee3c elementor-section-boxed elementor-section-height-default elementor-section-height-default\" data-id=\"357ee3c\" data-element_type=\"section\" data-e-type=\"section\" data-settings=\"{&quot;jet_parallax_layout_list&quot;:[]}\">\n\t\t\t\t\t\t<div class=\"elementor-container elementor-column-gap-default\">\n\t\t\t\t\t<div class=\"elementor-column elementor-col-100 elementor-top-column elementor-element elementor-element-be3318f\" data-id=\"be3318f\" data-element_type=\"column\" data-e-type=\"column\">\n\t\t\t<div class=\"elementor-widget-wrap elementor-element-populated\">\n\t\t\t\t\t\t<div class=\"elementor-element elementor-element-db7874e elementor-widget elementor-widget-text-editor\" data-id=\"db7874e\" data-element_type=\"widget\" data-e-type=\"widget\" data-widget_type=\"text-editor.default\">\n\t\t\t\t<div class=\"elementor-widget-container\">\n\t\t\t\t\t\t\t\t\t<p>La boutique en ligne de K-Design Fashion \u00e0 l\u2019adresse www.k-designfashion.com (ci-apr\u00e8s : le \u00ab site web \u00bb) est exploit\u00e9e et d\u00e9tenue par Bimeko SA, n\u00b0 TVA BE 0422.742.430, dont le si\u00e8ge social est situ\u00e9 \u00e0 8791 Beveren-Leie, Sint-Jansstraat 94 (ci-apr\u00e8s : \u00ab K-Design Fashion \u00bb). K-Design Fashion vous propose ce site web et les informations qu\u2019il contient \u00e0 condition que vous acceptiez, sans aucune r\u00e9serve, les conditions d\u2019utilisation de cette boutique en ligne. Par \u00ab informations \u00bb, K-Design Fashion entend tous les textes, mat\u00e9riels photographiques, images et autres \u00e9l\u00e9ments graphiques, mises en pages, mod\u00e8les et structures qui constituent la construction, la forme et le contenu de cette boutique en ligne.<\/p>\n\t\t\t\t\t\t\t\t<\/div>\n\t\t\t\t<\/div>\n\t\t\t\t<div class=\"elementor-element elementor-element-fd7ac22 elementor-widget elementor-widget-heading\" data-id=\"fd7ac22\" data-element_type=\"widget\" data-e-type=\"widget\" data-widget_type=\"heading.default\">\n\t\t\t\t<div class=\"elementor-widget-container\">\n\t\t\t\t\t<h2 class=\"elementor-heading-title elementor-size-default\">Article 1. Responsabilit\u00e9<\/h2>\t\t\t\t<\/div>\n\t\t\t\t<\/div>\n\t\t\t\t<div class=\"elementor-element elementor-element-3c4b033 elementor-widget elementor-widget-text-editor\" data-id=\"3c4b033\" data-element_type=\"widget\" data-e-type=\"widget\" data-widget_type=\"text-editor.default\">\n\t\t\t\t<div class=\"elementor-widget-container\">\n\t\t\t\t\t\t\t\t\t<p>K-Design Fashion d\u00e9cline toute responsabilit\u00e9 pour tout dommage qui pourrait r\u00e9sulter de l\u2019utilisation de cette boutique en ligne ou des informations qu\u2019elle contient. K-Design Fashion a apport\u00e9 le plus grand soin \u00e0 la cr\u00e9ation de ce site web. Les informations sur les produits r\u00e9pertori\u00e9s proviennent de sources fiables et ont \u00e9t\u00e9 soigneusement v\u00e9rifi\u00e9es dans la mesure du possible. Cela ne signifie pas que K-Design Fashion peut garantir l\u2019exactitude, l\u2019exhaustivit\u00e9 ou l\u2019ad\u00e9quation des informations pour tout usage. En outre, les informations sont susceptibles d\u2019\u00eatre modifi\u00e9es sans notification pr\u00e9alable. Ni K-Design Fashion ni ses fournisseurs ne peuvent \u00eatre tenus responsables des dommages que l\u2019\u00e9ventuelle transmission incorrecte ou incompl\u00e8te des formulaires \u00e9lectroniques pourrait causer.<\/p>\n\t\t\t\t\t\t\t\t<\/div>\n\t\t\t\t<\/div>\n\t\t\t\t<div class=\"elementor-element elementor-element-2f95bb3 elementor-widget elementor-widget-heading\" data-id=\"2f95bb3\" data-element_type=\"widget\" data-e-type=\"widget\" data-widget_type=\"heading.default\">\n\t\t\t\t<div class=\"elementor-widget-container\">\n\t\t\t\t\t<h2 class=\"elementor-heading-title elementor-size-default\">Article 2. Utilisation limit\u00e9e \u00e0 des fins personnelles<\/h2>\t\t\t\t<\/div>\n\t\t\t\t<\/div>\n\t\t\t\t<div class=\"elementor-element elementor-element-e0c4a51 elementor-widget elementor-widget-text-editor\" data-id=\"e0c4a51\" data-element_type=\"widget\" data-e-type=\"widget\" data-widget_type=\"text-editor.default\">\n\t\t\t\t<div class=\"elementor-widget-container\">\n\t\t\t\t\t\t\t\t\t<p>L\u2019utilisateur n\u2019est pas autoris\u00e9 \u00e0 reproduire les informations obtenues par le biais de ce site web, sous quelque forme que ce soit, \u00e0 des fins non personnelles ou \u00e0 les exploiter commercialement. L\u2019utilisation et la reproduction du mat\u00e9riel photographique sont express\u00e9ment interdites. Les droits de propri\u00e9t\u00e9 de ce site appartiennent \u00e0 K-Design Fashion ou aux organisations qui ont donn\u00e9 \u00e0 K-Design Fashion l\u2019autorisation \u00e0 cet effet dans le cadre de ce site. Toute personne souhaitant utiliser ce mat\u00e9riel doit contacter K-Design Fashion.<\/p>\n\t\t\t\t\t\t\t\t<\/div>\n\t\t\t\t<\/div>\n\t\t\t\t<div class=\"elementor-element elementor-element-04de99c elementor-widget elementor-widget-heading\" data-id=\"04de99c\" data-element_type=\"widget\" data-e-type=\"widget\" data-widget_type=\"heading.default\">\n\t\t\t\t<div class=\"elementor-widget-container\">\n\t\t\t\t\t<h2 class=\"elementor-heading-title elementor-size-default\">Article 3. Liens et r\u00e9f\u00e9rences<\/h2>\t\t\t\t<\/div>\n\t\t\t\t<\/div>\n\t\t\t\t<div class=\"elementor-element elementor-element-4623932 elementor-widget elementor-widget-text-editor\" data-id=\"4623932\" data-element_type=\"widget\" data-e-type=\"widget\" data-widget_type=\"text-editor.default\">\n\t\t\t\t<div class=\"elementor-widget-container\">\n\t\t\t\t\t\t\t\t\t<p>Cette boutique en ligne peut contenir des hyperliens vers d\u2019autres sites web et des r\u00e9f\u00e9rences \u00e0 d\u2019autres sources d\u2019information. K-Design Fashion ne v\u00e9rifie pas syst\u00e9matiquement ces sites web et ces informations. Elle ne peut donc offrir aucune garantie quant \u00e0 la qualit\u00e9 ou \u00e0 l\u2019exhaustivit\u00e9 de ces informations. La fourniture de ces hyperliens n\u2019implique pas que K-Design Fashion approuve les informations contenues dans ces sources. Elle n\u2019implique pas non plus une quelconque collaboration entre l\u2019administration et les exploitants de ces sites. K-Design Fashion d\u00e9cline donc toute responsabilit\u00e9 pour les dommages qui pourraient r\u00e9sulter de la consultation d\u2019informations se trouvant sur d\u2019autres sites web ou d\u2019autres sources d\u2019information auxquelles le site K-Design Fashion fait r\u00e9f\u00e9rence. Si vous souhaitez cr\u00e9er des hyperliens de votre propre site web vers ce site web, veuillez pr\u00e9alablement contacter K-Design Fashion concernant l\u2019autorisation de cette d\u00e9marche.<\/p>\n\t\t\t\t\t\t\t\t<\/div>\n\t\t\t\t<\/div>\n\t\t\t\t<div class=\"elementor-element elementor-element-c21ec40 elementor-widget elementor-widget-heading\" data-id=\"c21ec40\" data-element_type=\"widget\" data-e-type=\"widget\" data-widget_type=\"heading.default\">\n\t\t\t\t<div class=\"elementor-widget-container\">\n\t\t\t\t\t<h2 class=\"elementor-heading-title elementor-size-default\">Article 4. Protection des donn\u00e9es \u00e0 caract\u00e8re personnel<\/h2>\t\t\t\t<\/div>\n\t\t\t\t<\/div>\n\t\t\t\t<div class=\"elementor-element elementor-element-1ec7009 elementor-widget elementor-widget-text-editor\" data-id=\"1ec7009\" data-element_type=\"widget\" data-e-type=\"widget\" data-widget_type=\"text-editor.default\">\n\t\t\t\t<div class=\"elementor-widget-container\">\n\t\t\t\t\t\t\t\t\t<p>Toutes les donn\u00e9es que K-Design Fashion re\u00e7oit de votre part par le biais de cette boutique en ligne seront incluses dans les fichiers de K-Design Fashion. Elles servent exclusivement \u00e0 livrer la commande que vous avez pass\u00e9e et \u00e0 am\u00e9liorer le service que nous vous offrons. Conform\u00e9ment au R\u00e8glement g\u00e9n\u00e9ral sur la protection des donn\u00e9es de 2018, vous disposez d\u2019un droit d\u2019acc\u00e8s et, si n\u00e9cessaire, de rectification et, le cas \u00e9ch\u00e9ant, de suppression des donn\u00e9es vous concernant. Vous avez \u00e9galement le droit de vous opposer \u00e0 ce que vos donn\u00e9es ne soient plus utilis\u00e9es pour la fourniture des informations mentionn\u00e9es. Pour ce faire, veuillez envoyer un e-mail via le formulaire de contact de K-Design Fashion.<\/p>\n<p>Pour plus d\u2019informations sur les donn\u00e9es \u00e0 caract\u00e8re personnel que nous traitons, pour quels motifs, \u00e0 quelles fins et sur vos droits, veuillez consulter <a href=\"https:\/\/k-designfashion.com\/juridisch\/privacy-policy\/\">notre d\u00e9claration de confidentialit\u00e9<\/a> disponible sur notre site web.<\/p>\n\t\t\t\t\t\t\t\t<\/div>\n\t\t\t\t<\/div>\n\t\t\t\t\t<\/div>\n\t\t<\/div>\n\t\t\t\t\t<\/div>\n\t\t<\/section>\n\t\t\t\t<\/div>\n\t\t","protected":false},"excerpt":{"rendered":"<p>Clause de non-responsabilit\u00e9 de K-Design Fashion La boutique en ligne de K-Design Fashion \u00e0 l\u2019adresse www.k-designfashion.com (ci-apr\u00e8s : le \u00ab site web \u00bb) est exploit\u00e9e et d\u00e9tenue par Bimeko SA, n\u00b0 TVA BE 0422.742.430, dont le si\u00e8ge social est situ\u00e9 \u00e0 8791 Beveren-Leie, Sint-Jansstraat 94 (ci-apr\u00e8s : \u00ab K-Design Fashion \u00bb). K-Design Fashion vous propose [&hellip;]<\/p>\n","protected":false},"author":4,"featured_media":0,"parent":74737,"menu_order":0,"comment_status":"closed","ping_status":"closed","template":"elementor_header_footer","meta":{"_acf_changed":false,"footnotes":""},"class_list":["post-75055","page","type-page","status-publish","hentry"],"acf":[],"yoast_head":"<!-- This site is optimized with the Yoast SEO plugin v27.2 - https:\/\/yoast.com\/product\/yoast-seo-wordpress\/ -->\n<title>Disclaimer - K-Design<\/title>\n<meta name=\"robots\" content=\"index, follow, max-snippet:-1, max-image-preview:large, max-video-preview:-1\" \/>\n<link rel=\"canonical\" href=\"https:\/\/k-designfashion.com\/fr\/juridisch\/disclaimer\/\" \/>\n<meta property=\"og:locale\" content=\"fr_FR\" \/>\n<meta property=\"og:type\" content=\"article\" \/>\n<meta property=\"og:title\" content=\"Disclaimer - K-Design\" \/>\n<meta property=\"og:description\" content=\"Clause de non-responsabilit\u00e9 de K-Design Fashion La boutique en ligne de K-Design Fashion \u00e0 l\u2019adresse www.k-designfashion.com (ci-apr\u00e8s : le \u00ab site web \u00bb) est exploit\u00e9e et d\u00e9tenue par Bimeko SA, n\u00b0 TVA BE 0422.742.430, dont le si\u00e8ge social est situ\u00e9 \u00e0 8791 Beveren-Leie, Sint-Jansstraat 94 (ci-apr\u00e8s : \u00ab K-Design Fashion \u00bb). K-Design Fashion vous propose [&hellip;]\" \/>\n<meta property=\"og:url\" content=\"https:\/\/k-designfashion.com\/fr\/juridisch\/disclaimer\/\" \/>\n<meta property=\"og:site_name\" content=\"K-Design\" \/>\n<meta property=\"article:publisher\" content=\"https:\/\/www.facebook.com\/kdesignfashioncom\/\" \/>\n<meta property=\"article:modified_time\" content=\"2023-04-04T06:54:52+00:00\" \/>\n<meta name=\"twitter:card\" content=\"summary_large_image\" \/>\n<meta name=\"twitter:label1\" content=\"Dur\u00e9e de lecture estim\u00e9e\" \/>\n\t<meta name=\"twitter:data1\" content=\"3 minutes\" \/>\n<script type=\"application\/ld+json\" class=\"yoast-schema-graph\">{\"@context\":\"https:\/\/schema.org\",\"@graph\":[{\"@type\":\"WebPage\",\"@id\":\"https:\/\/k-designfashion.com\/fr\/juridisch\/disclaimer\/\",\"url\":\"https:\/\/k-designfashion.com\/fr\/juridisch\/disclaimer\/\",\"name\":\"Disclaimer - K-Design\",\"isPartOf\":{\"@id\":\"https:\/\/k-designfashion.com\/#website\"},\"datePublished\":\"2023-02-09T23:48:22+00:00\",\"dateModified\":\"2023-04-04T06:54:52+00:00\",\"breadcrumb\":{\"@id\":\"https:\/\/k-designfashion.com\/fr\/juridisch\/disclaimer\/#breadcrumb\"},\"inLanguage\":\"fr-FR\",\"potentialAction\":[{\"@type\":\"ReadAction\",\"target\":[\"https:\/\/k-designfashion.com\/fr\/juridisch\/disclaimer\/\"]}]},{\"@type\":\"BreadcrumbList\",\"@id\":\"https:\/\/k-designfashion.com\/fr\/juridisch\/disclaimer\/#breadcrumb\",\"itemListElement\":[{\"@type\":\"ListItem\",\"position\":1,\"name\":\"Home\",\"item\":\"https:\/\/k-designfashion.com\/fr\/\"},{\"@type\":\"ListItem\",\"position\":2,\"name\":\"Juridisch\",\"item\":\"https:\/\/k-designfashion.com\/fr\/juridisch\/\"},{\"@type\":\"ListItem\",\"position\":3,\"name\":\"Disclaimer\"}]},{\"@type\":\"WebSite\",\"@id\":\"https:\/\/k-designfashion.com\/#website\",\"url\":\"https:\/\/k-designfashion.com\/\",\"name\":\"K-Design\",\"description\":\"\",\"publisher\":{\"@id\":\"https:\/\/k-designfashion.com\/#organization\"},\"potentialAction\":[{\"@type\":\"SearchAction\",\"target\":{\"@type\":\"EntryPoint\",\"urlTemplate\":\"https:\/\/k-designfashion.com\/?s={search_term_string}\"},\"query-input\":{\"@type\":\"PropertyValueSpecification\",\"valueRequired\":true,\"valueName\":\"search_term_string\"}}],\"inLanguage\":\"fr-FR\"},{\"@type\":\"Organization\",\"@id\":\"https:\/\/k-designfashion.com\/#organization\",\"name\":\"K-Design\",\"url\":\"https:\/\/k-designfashion.com\/\",\"logo\":{\"@type\":\"ImageObject\",\"inLanguage\":\"fr-FR\",\"@id\":\"https:\/\/k-designfashion.com\/#\/schema\/logo\/image\/\",\"url\":\"https:\/\/k-designfashion.com\/wp-content\/uploads\/2022\/02\/k-Design_logo.png\",\"contentUrl\":\"https:\/\/k-designfashion.com\/wp-content\/uploads\/2022\/02\/k-Design_logo.png\",\"width\":556,\"height\":394,\"caption\":\"K-Design\"},\"image\":{\"@id\":\"https:\/\/k-designfashion.com\/#\/schema\/logo\/image\/\"},\"sameAs\":[\"https:\/\/www.facebook.com\/kdesignfashioncom\/\",\"https:\/\/www.instagram.com\/kdesignfashion\/\"]}]}<\/script>\n<!-- \/ Yoast SEO plugin. -->","yoast_head_json":{"title":"Disclaimer - K-Design","robots":{"index":"index","follow":"follow","max-snippet":"max-snippet:-1","max-image-preview":"max-image-preview:large","max-video-preview":"max-video-preview:-1"},"canonical":"https:\/\/k-designfashion.com\/fr\/juridisch\/disclaimer\/","og_locale":"fr_FR","og_type":"article","og_title":"Disclaimer - K-Design","og_description":"Clause de non-responsabilit\u00e9 de K-Design Fashion La boutique en ligne de K-Design Fashion \u00e0 l\u2019adresse www.k-designfashion.com (ci-apr\u00e8s : le \u00ab site web \u00bb) est exploit\u00e9e et d\u00e9tenue par Bimeko SA, n\u00b0 TVA BE 0422.742.430, dont le si\u00e8ge social est situ\u00e9 \u00e0 8791 Beveren-Leie, Sint-Jansstraat 94 (ci-apr\u00e8s : \u00ab K-Design Fashion \u00bb). K-Design Fashion vous propose [&hellip;]","og_url":"https:\/\/k-designfashion.com\/fr\/juridisch\/disclaimer\/","og_site_name":"K-Design","article_publisher":"https:\/\/www.facebook.com\/kdesignfashioncom\/","article_modified_time":"2023-04-04T06:54:52+00:00","twitter_card":"summary_large_image","twitter_misc":{"Dur\u00e9e de lecture estim\u00e9e":"3 minutes"},"schema":{"@context":"https:\/\/schema.org","@graph":[{"@type":"WebPage","@id":"https:\/\/k-designfashion.com\/fr\/juridisch\/disclaimer\/","url":"https:\/\/k-designfashion.com\/fr\/juridisch\/disclaimer\/","name":"Disclaimer - K-Design","isPartOf":{"@id":"https:\/\/k-designfashion.com\/#website"},"datePublished":"2023-02-09T23:48:22+00:00","dateModified":"2023-04-04T06:54:52+00:00","breadcrumb":{"@id":"https:\/\/k-designfashion.com\/fr\/juridisch\/disclaimer\/#breadcrumb"},"inLanguage":"fr-FR","potentialAction":[{"@type":"ReadAction","target":["https:\/\/k-designfashion.com\/fr\/juridisch\/disclaimer\/"]}]},{"@type":"BreadcrumbList","@id":"https:\/\/k-designfashion.com\/fr\/juridisch\/disclaimer\/#breadcrumb","itemListElement":[{"@type":"ListItem","position":1,"name":"Home","item":"https:\/\/k-designfashion.com\/fr\/"},{"@type":"ListItem","position":2,"name":"Juridisch","item":"https:\/\/k-designfashion.com\/fr\/juridisch\/"},{"@type":"ListItem","position":3,"name":"Disclaimer"}]},{"@type":"WebSite","@id":"https:\/\/k-designfashion.com\/#website","url":"https:\/\/k-designfashion.com\/","name":"K-Design","description":"","publisher":{"@id":"https:\/\/k-designfashion.com\/#organization"},"potentialAction":[{"@type":"SearchAction","target":{"@type":"EntryPoint","urlTemplate":"https:\/\/k-designfashion.com\/?s={search_term_string}"},"query-input":{"@type":"PropertyValueSpecification","valueRequired":true,"valueName":"search_term_string"}}],"inLanguage":"fr-FR"},{"@type":"Organization","@id":"https:\/\/k-designfashion.com\/#organization","name":"K-Design","url":"https:\/\/k-designfashion.com\/","logo":{"@type":"ImageObject","inLanguage":"fr-FR","@id":"https:\/\/k-designfashion.com\/#\/schema\/logo\/image\/","url":"https:\/\/k-designfashion.com\/wp-content\/uploads\/2022\/02\/k-Design_logo.png","contentUrl":"https:\/\/k-designfashion.com\/wp-content\/uploads\/2022\/02\/k-Design_logo.png","width":556,"height":394,"caption":"K-Design"},"image":{"@id":"https:\/\/k-designfashion.com\/#\/schema\/logo\/image\/"},"sameAs":["https:\/\/www.facebook.com\/kdesignfashioncom\/","https:\/\/www.instagram.com\/kdesignfashion\/"]}]}},"_links":{"self":[{"href":"https:\/\/k-designfashion.com\/fr\/wp-json\/wp\/v2\/pages\/75055","targetHints":{"allow":["GET"]}}],"collection":[{"href":"https:\/\/k-designfashion.com\/fr\/wp-json\/wp\/v2\/pages"}],"about":[{"href":"https:\/\/k-designfashion.com\/fr\/wp-json\/wp\/v2\/types\/page"}],"author":[{"embeddable":true,"href":"https:\/\/k-designfashion.com\/fr\/wp-json\/wp\/v2\/users\/4"}],"replies":[{"embeddable":true,"href":"https:\/\/k-designfashion.com\/fr\/wp-json\/wp\/v2\/comments?post=75055"}],"version-history":[{"count":0,"href":"https:\/\/k-designfashion.com\/fr\/wp-json\/wp\/v2\/pages\/75055\/revisions"}],"up":[{"embeddable":true,"href":"https:\/\/k-designfashion.com\/fr\/wp-json\/wp\/v2\/pages\/74737"}],"wp:attachment":[{"href":"https:\/\/k-designfashion.com\/fr\/wp-json\/wp\/v2\/media?parent=75055"}],"curies":[{"name":"wp","href":"https:\/\/api.w.org\/{rel}","templated":true}]}}